{"id":1209,"date":"2017-02-20T13:52:24","date_gmt":"2017-02-20T13:52:24","guid":{"rendered":"http:\/\/ducat.n2mu.studio\/?page_id=1209"},"modified":"2021-03-23T17:37:27","modified_gmt":"2021-03-23T17:37:27","slug":"contact-2","status":"publish","type":"page","link":"https:\/\/techni-projet.ca\/fr\/contact-2\/","title":{"rendered":"Nous joindre"},"content":{"rendered":"<p>[vc_row full_width=&#8221;stretch_row_content_no_spaces&#8221; content_placement=&#8221;bottom&#8221; parallax=&#8221;content-moving-fade&#8221; parallax_image=&#8221;7520&#8243; css=&#8221;.vc_custom_1526115559248{margin-top: 0px !important;padding-top: 200px !important;padding-bottom: 400px !important;}&#8221;][vc_column css=&#8221;.vc_custom_1487597466331{margin-top: 0px !important;margin-right: 0px !important;margin-bottom: 0px !important;margin-left: 0px !important;padding-top: 0px !important;padding-right: 0px !important;padding-bottom: 0px !important;padding-left: 0px !important;background-color: #f7f7f7 !important;}&#8221;][\/vc_column][\/vc_row][vc_row gap=&#8221;30&#8243; css=&#8221;.vc_custom_1508057752978{padding-top: 60px !important;padding-bottom: 60px !important;}&#8221;][vc_column width=&#8221;1\/2&#8243;][vc_custom_heading text=&#8221;Vous avez des questions?&#8221; font_container=&#8221;tag:h3|font_size:25px|text_align:left|color:%23333333|line_height:30px&#8221; use_theme_fonts=&#8221;yes&#8221;][vc_column_text]Pour toutes questions ou commentaires, n\u2019h\u00e9sitez pas et contactez-nous par courriel ou par t\u00e9l\u00e9phone. Nos bureaux sont ouverts entre 9:00 am \u00e0 5:00 pm[\/vc_column_text][vc_row_inner][vc_column_inner][vc_custom_heading text=&#8221;Nos bureaux&#8221; font_container=&#8221;tag:h3|font_size:20px|text_align:left|color:%23333333|line_height:30px&#8221; use_theme_fonts=&#8221;yes&#8221;][vc_column_text]<strong style=\"color: #1e73be;\">Adresse:\u00a0<\/strong> 1166 Saint-Laurent Ouest<br \/>\nLongueuil (Qu\u00e9bec) J4K 1E3<\/p>\n<p><strong style=\"color: #1e73be;\">Tel: <\/strong>(450) 449-1343<\/p>\n<p><strong style=\"color: #1e73be;\">Courriel: <\/strong>techni-projet@techni-projet.com[\/vc_column_text][\/vc_column_inner][\/vc_row_inner][\/vc_column][vc_column width=&#8221;1\/2&#8243;][vc_row_inner][vc_column_inner][vc_custom_heading text=&#8221;Nous Joindre&#8221; font_container=&#8221;tag:h3|font_size:25px|text_align:left|color:%23333333|line_height:30px&#8221; use_theme_fonts=&#8221;yes&#8221;]<div role=\"form\" class=\"wpcf7\" id=\"wpcf7-f7204-o1\" lang=\"fr-FR\" dir=\"ltr\">\n<div class=\"screen-reader-response\"><p role=\"status\" aria-live=\"polite\" aria-atomic=\"true\"><\/p> <ul><\/ul><\/div>\n<form action=\"\/fr\/wp-json\/wp\/v2\/pages\/1209#wpcf7-f7204-o1\" method=\"post\" class=\"wpcf7-form init\" novalidate=\"novalidate\" data-status=\"init\">\n<div style=\"display: none;\">\n<input type=\"hidden\" name=\"_wpcf7\" value=\"7204\" \/>\n<input type=\"hidden\" name=\"_wpcf7_version\" value=\"5.4\" \/>\n<input type=\"hidden\" name=\"_wpcf7_locale\" value=\"fr_FR\" \/>\n<input type=\"hidden\" name=\"_wpcf7_unit_tag\" value=\"wpcf7-f7204-o1\" \/>\n<input type=\"hidden\" name=\"_wpcf7_container_post\" value=\"0\" \/>\n<input type=\"hidden\" name=\"_wpcf7_posted_data_hash\" value=\"\" \/>\n<\/div>\n<p><span class=\"wpcf7-form-control-wrap your-name\"><input type=\"text\" name=\"your-name\" value=\"\" size=\"40\" class=\"wpcf7-form-control wpcf7-text wpcf7-validates-as-required\" aria-required=\"true\" aria-invalid=\"false\" placeholder=\"Votre nom\" \/><\/span><\/p>\n<div class=\"row\">\n<p class=\"col-md-6 col-sm-12\"><span class=\"wpcf7-form-control-wrap your-email\"><input type=\"email\" name=\"your-email\" value=\"\" size=\"40\" class=\"wpcf7-form-control wpcf7-text wpcf7-email wpcf7-validates-as-required wpcf7-validates-as-email\" aria-required=\"true\" aria-invalid=\"false\" placeholder=\"Courriel\" \/><\/span><\/p>\n<p class=\"col-md-6 col-sm-12\"><span class=\"wpcf7-form-control-wrap your-tel\"><input type=\"tel\" name=\"your-tel\" value=\"\" size=\"40\" class=\"wpcf7-form-control wpcf7-text wpcf7-tel wpcf7-validates-as-required wpcf7-validates-as-tel\" aria-required=\"true\" aria-invalid=\"false\" placeholder=\"T\u00e9l\u00e9phone\" \/><\/span><\/p>\n<\/div>\n<p><span class=\"wpcf7-form-control-wrap your-subject\"><input type=\"text\" name=\"your-subject\" value=\"\" size=\"40\" class=\"wpcf7-form-control wpcf7-text\" aria-invalid=\"false\" placeholder=\"Suject\" \/><\/span><\/p>\n<p><span class=\"wpcf7-form-control-wrap your-message\"><textarea name=\"your-message\" cols=\"40\" rows=\"10\" class=\"wpcf7-form-control wpcf7-textarea\" aria-invalid=\"false\" placeholder=\"Votre Message\"><\/textarea><\/span><\/p>\n<div style=\"text-align:center;\">\n<p><input type=\"submit\" value=\"Envoyez\" class=\"wpcf7-form-control wpcf7-submit\" \/><\/p>\n<\/div>\n<div class=\"wpcf7-response-output\" aria-hidden=\"true\"><\/div><\/form><\/div>[\/vc_column_inner][\/vc_row_inner][\/vc_column][\/vc_row][vc_row full_width=&#8221;stretch_row&#8221; css=&#8221;.vc_custom_1525690838678{padding-top: 10px !important;padding-bottom: 15px !important;background-color: #004089 !important;}&#8221;][vc_column width=&#8221;1\/3&#8243;][\/vc_column][vc_column width=&#8221;1\/3&#8243;][\/vc_column][vc_column width=&#8221;1\/3&#8243;][\/vc_column][\/vc_row]<\/p>\n","protected":false},"excerpt":{"rendered":"<p>[vc_row full_width=&#8221;stretch_row_content_no_spaces&#8221; content_placement=&#8221;bottom&#8221; parallax=&#8221;content-moving-fade&#8221; parallax_image=&#8221;7520&#8243; css=&#8221;.vc_custom_1526115559248{margin-top: 0px !important;padding-top: 200px !important;padding-bottom: 400px !important;}&#8221;][vc_column css=&#8221;.vc_custom_1487597466331{margin-top: 0px !important;margin-right: 0px !important;margin-bottom: 0px !important;margin-left: 0px !important;padding-top: 0px !important;padding-right: 0px !important;padding-bottom: 0px !important;padding-left: 0px !important;background-color: #f7f7f7 [&#8230;]<\/p>\n","protected":false},"author":1,"featured_media":0,"parent":0,"menu_order":0,"comment_status":"closed","ping_status":"open","template":"page-full-width.php","meta":[],"_links":{"self":[{"href":"https:\/\/techni-projet.ca\/fr\/wp-json\/wp\/v2\/pages\/1209"}],"collection":[{"href":"https:\/\/techni-projet.ca\/fr\/wp-json\/wp\/v2\/pages"}],"about":[{"href":"https:\/\/techni-projet.ca\/fr\/wp-json\/wp\/v2\/types\/page"}],"author":[{"embeddable":true,"href":"https:\/\/techni-projet.ca\/fr\/wp-json\/wp\/v2\/users\/1"}],"replies":[{"embeddable":true,"href":"https:\/\/techni-projet.ca\/fr\/wp-json\/wp\/v2\/comments?post=1209"}],"version-history":[{"count":27,"href":"https:\/\/techni-projet.ca\/fr\/wp-json\/wp\/v2\/pages\/1209\/revisions"}],"predecessor-version":[{"id":7560,"href":"https:\/\/techni-projet.ca\/fr\/wp-json\/wp\/v2\/pages\/1209\/revisions\/7560"}],"wp:attachment":[{"href":"https:\/\/techni-projet.ca\/fr\/wp-json\/wp\/v2\/media?parent=1209"}],"curies":[{"name":"wp","href":"https:\/\/api.w.org\/{rel}","templated":true}]}}