{"id":1098,"date":"2017-02-20T09:52:14","date_gmt":"2017-02-20T09:52:14","guid":{"rendered":"http:\/\/ducat.n2mu.studio\/?page_id=1098"},"modified":"2021-03-23T17:38:25","modified_gmt":"2021-03-23T17:38:25","slug":"a-propos","status":"publish","type":"page","link":"https:\/\/techni-projet.ca\/fr\/a-propos\/","title":{"rendered":"\u00c0 Propos"},"content":{"rendered":"<p>[vc_row full_width=&#8221;stretch_row&#8221; css_animation=&#8221;fadeInUp&#8221; css=&#8221;.vc_custom_1503133934456{padding-top: 40px !important;padding-bottom: 0px !important;background-color: #f6f6f6 !important;}&#8221;][vc_column][vc_text_separator title=&#8221;&#8221; i_type=&#8221;linecons&#8221; i_icon_linecons=&#8221;vc_li vc_li-star&#8221; i_color=&#8221;custom&#8221; i_size=&#8221;sm&#8221; el_width=&#8221;20&#8243; add_icon=&#8221;true&#8221; i_custom_color=&#8221;#1e73be&#8221; css=&#8221;.vc_custom_1503133582123{margin-bottom: 0px !important;}&#8221;][vc_custom_heading text=&#8221;CE QUI NOUS DISTINGUE<br \/>\n&#8221; font_container=&#8221;tag:h2|text_align:center&#8221; use_theme_fonts=&#8221;yes&#8221; css=&#8221;.vc_custom_1525608084914{margin-top: 0px !important;margin-bottom: 16px !important;padding-top: 0px !important;}&#8221;][vc_column_text]<\/p>\n<h4 style=\"text-align: center;\">Techni-Projet inc. a plus de 28 ann\u00e9es d&#8217;exp\u00e9rience dans l&#8217;industrie.<\/h4>\n<p>[\/vc_column_text][vc_empty_space height=&#8221;22px&#8221;]<div id=\"ult-carousel-117264485269d2483b2793e\" class=\"ult-carousel-wrapper   ult_horizontal\" data-gutter=\"15\" data-rtl=\"false\" ><div class=\"ult-carousel-101682721269d2483b2780d \" >[vc_row_inner][vc_column_inner width=&#8221;1\/2&#8243;][vc_single_image image=&#8221;7293&#8243; img_size=&#8221;full&#8221; alignment=&#8221;center&#8221; style=&#8221;vc_box_shadow_3d&#8221;][\/vc_column_inner][vc_column_inner width=&#8221;1\/2&#8243;][vc_custom_heading text=&#8221;Ressources humaines :<br \/>\n&#8221; font_container=&#8221;tag:h3|text_align:left&#8221; use_theme_fonts=&#8221;yes&#8221; css=&#8221;.vc_custom_1525608128338{margin-top: 0px !important;margin-bottom: 20px !important;padding-top: 0px !important;}&#8221;][vc_column_text css=&#8221;.vc_custom_1525608153079{padding-bottom: 25px !important;}&#8221;]Notre personnel est compos\u00e9 de personnes exp\u00e9riment\u00e9es et comp\u00e9tentes qui travaillent en \u00e9quipe et qui ont le souci du travail bien fait.[\/vc_column_text]<div class=\"ult-item-wrap\" data-animation=\"animated no-animation\"><div class=\"uavc-list-icon uavc-list-icon-wrapper ult-adjust-bottom-margin   \"><ul class=\"uavc-list\"><div class=\"ult-item-wrap\" data-animation=\"animated no-animation\"><li><div class=\"uavc-list-content\" id=\"list-icon-wrap-8978\">\n<div class=\"uavc-list-icon  \" data-animation=\"\" data-animation-delay=\"03\" style=\"margin-right:13px;\"><div class=\"ult-item-wrap\" data-animation=\"animated no-animation\"><div class=\"ult-just-icon-wrapper  \"><div class=\"align-icon\" style=\"text-align:center;\">\n<div class=\"aio-icon-img \" style=\"font-size:22px;display:inline-block;\" >\n\t<img class=\"img-icon\" alt=\"null\" src=\"https:\/\/techni-projet.ca\/fr\/wp-content\/uploads\/2017\/02\/thivk2-1.png\"\/>\n<\/div><\/div><\/div><\/div>\n<\/div><span  data-ultimate-target='#list-icon-wrap-8978 .uavc-list-desc'  data-responsive-json-new='{\"font-size\":\"\",\"line-height\":\"\"}'  class=\"uavc-list-desc ult-responsive\" style=\"\">La polyvalence de chacun est un atout qui nous permet d\u2019effectuer diff\u00e9rentes t\u00e2ches, d\u2019\u00eatre ouvert aux changements de technologie, de normes ou de fa\u00e7on de faire de nos diff\u00e9rents clients ou projets.<\/span><\/div><\/li><\/div><div class=\"ult-item-wrap\" data-animation=\"animated no-animation\"><li><div class=\"uavc-list-content\" id=\"list-icon-wrap-9244\">\n<div class=\"uavc-list-icon  \" data-animation=\"\" data-animation-delay=\"03\" style=\"margin-right:13px;\"><div class=\"ult-item-wrap\" data-animation=\"animated no-animation\"><div class=\"ult-just-icon-wrapper  \"><div class=\"align-icon\" style=\"text-align:center;\">\n<div class=\"aio-icon-img \" style=\"font-size:22px;display:inline-block;\" >\n\t<img class=\"img-icon\" alt=\"null\" src=\"https:\/\/techni-projet.ca\/fr\/wp-content\/uploads\/2017\/02\/thivk2-1.png\"\/>\n<\/div><\/div><\/div><\/div>\n<\/div><span  data-ultimate-target='#list-icon-wrap-9244 .uavc-list-desc'  data-responsive-json-new='{\"font-size\":\"\",\"line-height\":\"\"}'  class=\"uavc-list-desc ult-responsive\" style=\"\">En ayant une structure simple et flexible, nous nous adaptons rapidement et efficacement.<\/span><\/div><\/li><\/div><div class=\"ult-item-wrap\" data-animation=\"animated no-animation\"><li><div class=\"uavc-list-content\" id=\"list-icon-wrap-6825\">\n<div class=\"uavc-list-icon  \" data-animation=\"\" data-animation-delay=\"03\" style=\"margin-right:13px;\"><div class=\"ult-item-wrap\" data-animation=\"animated no-animation\"><div class=\"ult-just-icon-wrapper  \"><div class=\"align-icon\" style=\"text-align:center;\">\n<div class=\"aio-icon-img \" style=\"font-size:22px;display:inline-block;\" >\n\t<img class=\"img-icon\" alt=\"null\" src=\"https:\/\/techni-projet.ca\/fr\/wp-content\/uploads\/2017\/02\/thivk2-1.png\"\/>\n<\/div><\/div><\/div><\/div>\n<\/div><span  data-ultimate-target='#list-icon-wrap-6825 .uavc-list-desc'  data-responsive-json-new='{\"font-size\":\"\",\"line-height\":\"\"}'  class=\"uavc-list-desc ult-responsive\" style=\"\">Connaissance de plusieurs logiciels de calcul de charge, gestion et de mise en plans tels que : <strong>S<\/strong><em><strong>IMPAS, SAP, AUTOCAD, SMALLWORLD, NETWORK X, MICRO-STATION, CABLECAD,<\/strong> <\/em>etc. est une preuve de notre polyvalence.<\/span><\/div><\/li><\/div><div class=\"ult-item-wrap\" data-animation=\"animated no-animation\"><li><div class=\"uavc-list-content\" id=\"list-icon-wrap-5020\">\n<div class=\"uavc-list-icon  \" data-animation=\"\" data-animation-delay=\"03\" style=\"margin-right:13px;\"><div class=\"ult-item-wrap\" data-animation=\"animated no-animation\"><div class=\"ult-just-icon-wrapper  \"><div class=\"align-icon\" style=\"text-align:center;\">\n<div class=\"aio-icon-img \" style=\"font-size:22px;display:inline-block;\" >\n\t<img class=\"img-icon\" alt=\"null\" src=\"https:\/\/techni-projet.ca\/fr\/wp-content\/uploads\/2017\/02\/thivk2-1.png\"\/>\n<\/div><\/div><\/div><\/div>\n<\/div><span  data-ultimate-target='#list-icon-wrap-5020 .uavc-list-desc'  data-responsive-json-new='{\"font-size\":\"\",\"line-height\":\"\"}'  class=\"uavc-list-desc ult-responsive\" style=\"\">Si un client utilise un logiciel diff\u00e9rent, nous sommes pr\u00eats \u00e0 l\u2019int\u00e9grer \u00e0 nos connaissances.<\/span><\/div><\/li><\/div><\/ul><\/div><\/div><div class=\"ult-item-wrap\" data-animation=\"animated no-animation\"><div class=\"n-btn-wrapper n-btn-left    vc_custom_1525629960603\"><a class=\"n-btn n-btn-small n-radius-full n-icon-right n-icon-appear\" style=\"background: #1e73be;color: #ffffff;border-width: 1px;border-color: #1e73be;\" href=\"https:\/\/techni-projet.ca\/fr\/contact-2\/\"   data-background-color-hover=\"transparent\" data-text-color-hover=\"#1e73be\" data-border-color-hover=\"#1e73be\" ><i class=\"vc_li vc_li-bubble\"><\/i><span class=\"n-btn-text\">Nous Joindre<\/span><\/a><\/div><\/div>[\/vc_column_inner][\/vc_row_inner]<\/div><\/div>\t\t\t<script type=\"text\/javascript\">\r\n\t\t\t\tjQuery(document).ready(function ($) {\r\n\t\t\t\t\tif( typeof jQuery('.ult-carousel-101682721269d2483b2780d').slick == \"function\"){\r\n\t\t\t\t\t\t$('.ult-carousel-101682721269d2483b2780d').slick({dots: false,autoplay: true,autoplaySpeed: 5000,speed: 700,infinite: true,arrows: true,nextArrow: '<button type=\"button\" role=\"button\" aria-label=\"Next\" style=\"color:#1e73be; font-size:34px;\" class=\"slick-next default\"><i class=\"ultsl-arrow-right6\"><\/i><\/button>',prevArrow: '<button type=\"button\" role=\"button\" aria-label=\"Previous\" style=\"color:#1e73be; font-size:34px;\" class=\"slick-prev default\"><i class=\"ultsl-arrow-left6\"><\/i><\/button>',slidesToScroll:1,slidesToShow:1,swipe: true,draggable: true,touchMove: true,pauseOnHover: true,responsive: [\r\n\t\t\t\t\t\t\t{\r\n\t\t\t\t\t\t\t  breakpoint: 1025,\r\n\t\t\t\t\t\t\t  settings: {\r\n\t\t\t\t\t\t\t\tslidesToShow: 1,\r\n\t\t\t\t\t\t\t\tslidesToScroll: 1,  \r\n\t\t\t\t\t\t\t  }\r\n\t\t\t\t\t\t\t},\r\n\t\t\t\t\t\t\t{\r\n\t\t\t\t\t\t\t  breakpoint: 769,\r\n\t\t\t\t\t\t\t  settings: {\r\n\t\t\t\t\t\t\t\tslidesToShow: 1,\r\n\t\t\t\t\t\t\t\tslidesToScroll: 1\r\n\t\t\t\t\t\t\t  }\r\n\t\t\t\t\t\t\t},\r\n\t\t\t\t\t\t\t{\r\n\t\t\t\t\t\t\t  breakpoint: 481,\r\n\t\t\t\t\t\t\t  settings: {\r\n\t\t\t\t\t\t\t\tslidesToShow: 1,\r\n\t\t\t\t\t\t\t\tslidesToScroll: 1\r\n\t\t\t\t\t\t\t  }\r\n\t\t\t\t\t\t\t}\r\n\t\t\t\t\t\t],pauseOnDotsHover: true,customPaging: function(slider, i) {\r\n                   return '<i type=\"button\" style= \"color:#333333;\" class=\"ultsl-record\" data-role=\"none\"><\/i>';\r\n                },});\r\n\t\t\t\t\t}\r\n\t\t\t\t});\r\n\t\t\t<\/script>\r\n\t\t\t[\/vc_column][\/vc_row][vc_row full_width=&#8221;stretch_row&#8221; bg_type=&#8221;image&#8221; parallax_style=&#8221;vcpb-vz-jquery&#8221; bg_image_new=&#8221;id^4628|url^http:\/\/ducat.n2mu.studio\/main\/wp-content\/uploads\/sites\/2\/2017\/08\/paRAL122.jpg|caption^null|alt^null|title^paRAL122|description^null&#8221; bg_image_repeat=&#8221;no-repeat&#8221; bg_img_attach=&#8221;fixed&#8221; parallax_sense=&#8221;2&#8243; parallax_content=&#8221;parallax_content_value&#8221; parallax_content_sense=&#8221;50&#8243; fadeout_row=&#8221;fadeout_row_value&#8221; fadeout_start_effect=&#8221;57&#8243; seperator_enable=&#8221;seperator_enable_value&#8221; seperator_type=&#8221;triangle_svg_seperator&#8221; seperator_position=&#8221;top_bottom_seperator&#8221; seperator_svg_height=&#8221;40&#8243; css=&#8221;.vc_custom_1501841672437{padding-top: 80px !important;padding-bottom: 100px !important;}&#8221;][vc_column]<div class=\"ult-just-icon-wrapper   vc_custom_1501841407348\"><div class=\"align-icon\" style=\"text-align:center;\">\n<div class=\"aio-icon-img \" style=\"font-size:101px;display:inline-block;\" >\n\t<img class=\"img-icon\" alt=\"null\" src=\"https:\/\/techni-projet.ca\/fr\/wp-content\/uploads\/2017\/08\/paralico2.png\"\/>\n<\/div><\/div><\/div>[vc_custom_heading text=&#8221;<b>Nous sommes soucieux de<br \/>\nfournir un travail<\/b>&#8221; font_container=&#8221;tag:h2|font_size:60px|text_align:center|color:%23ffffff|line_height:60px&#8221; use_theme_fonts=&#8221;yes&#8221; css=&#8221;.vc_custom_1525611696234{margin-bottom: 10px !important;}&#8221;]<div id=\"uvc-type-wrap-9112\"  data-ultimate-target='#uvc-type-wrap-9112'  data-responsive-json-new='{\"font-size\":\"desktop:60px;\",\"line-height\":\"desktop:60px;\"}'  class=\"uvc-type-wrap  vc_custom_1525609336828 ult-adjust-bottom-margin ult-responsive  uvc-type-align-center uvc-type-no-prefix uvc-wrap-151926379469d2483b2900a\" style=\"font-weight:bold;text-align:center;\"><span id=\"typed-151926379469d2483b2900a\" class=\"ultimate-typed-main \" style=\"color:#ffcc00;\"><\/span><script type=\"text\/javascript\"> \r\n\t\t\t\t\t\tjQuery(function($){ \r\n\t\t\t\t\t\t\t$(document).ready(function(){\r\n\t\t\t\t\t\t\t\tif( typeof jQuery(\"#typed-151926379469d2483b2900a\").typed == \"function\"){\r\n\t\t\t\t\t\t\t\t\t$(\"#typed-151926379469d2483b2900a\").typed({\r\n\t\t\t\t\t\t\t\t\t\tstrings: [\"de grande qualit\u00e9\",\"dans les meilleurs d\u00e9lais\",\"aux meilleurs prix\"],\r\n\t\t\t\t\t\t\t\t\t\ttypeSpeed: 35,\r\n\t\t\t\t\t\t\t\t\t\tbackSpeed: 0,\r\n\t\t\t\t\t\t\t\t\t\tstartDelay: 200,\r\n\t\t\t\t\t\t\t\t\t\tbackDelay: 1500,\r\n\t\t\t\t\t\t\t\t\t\tloop: true,\r\n\t\t\t\t\t\t\t\t\t\tloopCount: false,\r\n\t\t\t\t\t\t\t\t\t\tshowCursor: true,\r\n\t\t\t\t\t\t\t\t\t\tcursorChar: \"|\",\r\n\t\t\t\t\t\t\t\t\t\tattr: null\r\n\t\t\t\t\t\t\t\t\t});\r\n\t\t\t\t\t\t\t\t}\r\n\t\t\t\t\t\t\t});\r\n\t\t\t\t\t\t});\r\n\t\t\t\t\t<\/script><\/div>[vc_column_text css=&#8221;.vc_custom_1525609380494{margin-bottom: 0px !important;padding-bottom: 0px !important;}&#8221;]<\/p>\n<p style=\"color: #ffffff; text-align: center;\">Nous sommes \u00e0 l\u2019\u00e9coute et proactif avec nos clients. Nous cherchons \u00e0 am\u00e9liorer tout ce qui peut l\u2019\u00eatre : les processus, la technologie, la fa\u00e7on d\u2019ex\u00e9cuter une t\u00e2che. Dans notre entreprise, chacun est appel\u00e9 \u00e0 contribuer<\/p>\n<p>[\/vc_column_text][\/vc_column][\/vc_row][vc_row css=&#8221;.vc_custom_1499772939314{margin-top: 80px !important;padding-bottom: 20px !important;}&#8221;][vc_column css_animation=&#8221;fadeInLeft&#8221; width=&#8221;1\/2&#8243; css=&#8221;.vc_custom_1499779669843{padding-top: 20px !important;}&#8221;][vc_custom_heading text=&#8221;\u00c9quipements de haute technologie &#8221; use_theme_fonts=&#8221;yes&#8221; css=&#8221;.vc_custom_1525610502610{margin-top: 0px !important;margin-bottom: 16px !important;padding-top: 0px !important;}&#8221;][vc_column_text css=&#8221;.vc_custom_1525612627732{margin-bottom: 15px !important;padding-bottom: 0px !important;}&#8221;]<\/p>\n<h5>Nous poss\u00e9dons des \u00e9quipements de haute technologie qui permettent de r\u00e9pondre aux demandes de notre client\u00e8le.<\/h5>\n<h5>Nous sommes attentifs et curieux des nouveaut\u00e9s ayant toujours l\u2019objectif de nous am\u00e9liorer et d\u2019\u00e9tendre la gamme de services que nous offrons.<\/h5>\n<p>[\/vc_column_text]<div class=\"n-btn-wrapper n-btn-left   \"><a class=\"n-btn n-btn-small n-radius-full n-icon-right n-icon-disappear\" style=\"background: #ffcc00;color: #ffffff;border-width: 2px;border-color: #ffcc00;\" href=\"https:\/\/techni-projet.ca\/fr\/contact-2\/\"   data-background-color-hover=\"#5e5e5e\" data-text-color-hover=\"#ffcc00\" data-border-color-hover=\"#5e5e5e\" ><i class=\"vc_li vc_li-pen\"><\/i><span class=\"n-btn-text\">Nous Joindre<\/span><\/a><\/div>[\/vc_column][vc_column css_animation=&#8221;fadeInRight&#8221; width=&#8221;1\/2&#8243;]<div class=\"ult-ih-container ult-adjust-bottom-margin  \" >\t<ul class=\"ult-ih-list \"  data-shape=\"circle\"  data-width=\"350\"  data-height=\"350\"  data-res_width=\"300\"  data-res_height=\"300\"  style=\"text-align:center; \"><li id=\"ult-ih-list-item-9069\" class=\"ult-ih-list-item\" style=\"height: 350px; width: 350px;  margin: 15px\"><a class=\"ult-ih-link\"  ><div style=\"height: 350px; width: 350px; \" class=\"ult-ih-item ult-ih-effect10    ult-ih-top_to_bottom\"><div class=\"ult-ih-image-block\" style=\"height: 350px; width: 350px; \">\t<div class=\"ult-ih-wrapper\" style=\"border-style: solid; border-color: #ffcc00; border-width: 2px;\"><\/div>\t<img class=\"ult-ih-image\" src=\"https:\/\/techni-projet.ca\/fr\/wp-content\/uploads\/2018\/05\/te\u0301le\u0301chargement.jpeg\" alt=\"null\"><\/div><div class=\"ult-ih-info\" style=\"background-color: #ffcc00; \">\t<div class=\"ult-ih-info-back\">\t<div class=\"ult-ih-content\">\t\t\t<div class=\"ult-ih-heading-block\" style=\"\">\t\t\t\t<h3 class=\"ult-ih-heading ult-responsive\" style=\"color:#ffffff;\"  data-ultimate-target='#ult-ih-list-item-9069 .ult-ih-heading'  data-responsive-json-new='{\"font-size\":\"desktop:34px;\",\"line-height\":\"desktop:40px;\"}' >Technologie<\/h3>\t\t\t<\/div>\t\t\t<div class=\"ult-ih-divider-block\" style=\"height:1px;\">\t\t\t\t<span class=\"ult-ih-line\" style=\"border-style:solid;border-color:rgba(255,255,255,0.75);width:100px;border-width:1px;\"><\/span>\t\t\t<\/div>\t\t\t<div class=\"ult-ih-description-block\" style=\"\">\t\t\t\t<div class=\"ult-ih-description ult-responsive\" style=\"color:#ffffff;\"  data-ultimate-target='#ult-ih-list-item-9069 .ult-ih-description, #ult-ih-list-item-9069 .ult-ih-description p'  data-responsive-json-new='{\"font-size\":\"desktop:18px;\",\"line-height\":\"desktop:25px;\"}' >\t\t\t\t<\/div>\t\t\t<\/div>\t<\/div>\t<\/div><\/div><\/div><\/a><\/li>\t<\/ul><\/div>[\/vc_column][\/vc_row][vc_row full_width=&#8221;stretch_row_content&#8221; css=&#8221;.vc_custom_1487234041610{margin-top: 0px !important;}&#8221;][vc_column width=&#8221;1\/3&#8243; css=&#8221;.vc_custom_1525611967997{padding-top: 65px !important;padding-right: 35px !important;padding-bottom: 25px !important;padding-left: 35px !important;background-color: #355a7f !important;}&#8221;][vc_icon type=&#8221;linecons&#8221; icon_linecons=&#8221;vc_li vc_li-location&#8221; color=&#8221;custom&#8221; size=&#8221;lg&#8221; align=&#8221;center&#8221; css=&#8221;.vc_custom_1487331411661{margin-bottom: 0px !important;padding-bottom: 0px !important;}&#8221; custom_color=&#8221;#ffffff&#8221;][vc_column_text css_animation=&#8221;none&#8221; el_class=&#8221;extra_padding&#8221; css=&#8221;.vc_custom_1526031476120{padding-bottom: 20px !important;}&#8221;]<\/p>\n<h3 style=\"text-align: center; margin-top: 10px; color: #fff;\">Adresse<\/h3>\n<p style=\"text-align: center; color: #fff;\">1166 Saint-Laurent Ouest<br \/>\nLongueuil (Qu\u00e9bec) J4K 1E3<\/p>\n<p>[\/vc_column_text][\/vc_column][vc_column width=&#8221;1\/3&#8243; css=&#8221;.vc_custom_1525611929639{padding-top: 65px !important;padding-right: 35px !important;padding-bottom: 25px !important;padding-left: 35px !important;background-color: #1f517f !important;}&#8221;][vc_icon type=&#8221;linecons&#8221; icon_linecons=&#8221;vc_li vc_li-phone&#8221; color=&#8221;custom&#8221; size=&#8221;lg&#8221; align=&#8221;center&#8221; css=&#8221;.vc_custom_1487331520859{margin-bottom: 0px !important;padding-bottom: 0px !important;}&#8221; custom_color=&#8221;#ffffff&#8221;][vc_column_text css_animation=&#8221;none&#8221; el_class=&#8221;extra_padding&#8221; css=&#8221;.vc_custom_1616521100935{padding-bottom: 20px !important;}&#8221;]<\/p>\n<h3 style=\"text-align: center; margin-top: 10px; color: #fff;\">T\u00e9l\u00e9phone<\/h3>\n<p style=\"text-align: center; color: #fff;\">(450) 449-1343<br \/>\nBureau<\/p>\n<p>[\/vc_column_text][\/vc_column][vc_column width=&#8221;1\/3&#8243; css=&#8221;.vc_custom_1525612578756{padding-top: 65px !important;padding-right: 35px !important;padding-bottom: 25px !important;padding-left: 35px !important;background-color: #00417f !important;}&#8221;][vc_icon type=&#8221;linecons&#8221; icon_linecons=&#8221;vc_li vc_li-mail&#8221; color=&#8221;custom&#8221; size=&#8221;lg&#8221; align=&#8221;center&#8221; css=&#8221;.vc_custom_1487331556055{margin-bottom: 0px !important;padding-bottom: 0px !important;}&#8221; custom_color=&#8221;#ffffff&#8221;][vc_column_text css_animation=&#8221;none&#8221; el_class=&#8221;extra_padding&#8221; css=&#8221;.vc_custom_1526302837919{padding-bottom: 20px !important;}&#8221;]<\/p>\n<h3 style=\"text-align: center; margin-top: 10px; color: #fff;\">Courriel<\/h3>\n<p style=\"text-align: center; color: #fff;\">techni-projet@techni-projet.com<br \/>\nService client\u00e8le<\/p>\n<p>[\/vc_column_text][\/vc_column][\/vc_row]<\/p>\n","protected":false},"excerpt":{"rendered":"<p>[vc_row full_width=&#8221;stretch_row&#8221; css_animation=&#8221;fadeInUp&#8221; css=&#8221;.vc_custom_1503133934456{padding-top: 40px !important;padding-bottom: 0px !important;background-color: #f6f6f6 !important;}&#8221;][vc_column][vc_text_separator title=&#8221;&#8221; i_type=&#8221;linecons&#8221; i_icon_linecons=&#8221;vc_li vc_li-star&#8221; i_color=&#8221;custom&#8221; i_size=&#8221;sm&#8221; el_width=&#8221;20&#8243; add_icon=&#8221;true&#8221; i_custom_color=&#8221;#1e73be&#8221; css=&#8221;.vc_custom_1503133582123{margin-bottom: 0px !important;}&#8221;][vc_custom_heading text=&#8221;CE QUI NOUS DISTINGUE &#8221; font_container=&#8221;tag:h2|text_align:center&#8221; use_theme_fonts=&#8221;yes&#8221; css=&#8221;.vc_custom_1525608084914{margin-top: [&#8230;]<\/p>\n","protected":false},"author":1,"featured_media":0,"parent":0,"menu_order":0,"comment_status":"closed","ping_status":"open","template":"page-full-width.php","meta":[],"_links":{"self":[{"href":"https:\/\/techni-projet.ca\/fr\/wp-json\/wp\/v2\/pages\/1098"}],"collection":[{"href":"https:\/\/techni-projet.ca\/fr\/wp-json\/wp\/v2\/pages"}],"about":[{"href":"https:\/\/techni-projet.ca\/fr\/wp-json\/wp\/v2\/types\/page"}],"author":[{"embeddable":true,"href":"https:\/\/techni-projet.ca\/fr\/wp-json\/wp\/v2\/users\/1"}],"replies":[{"embeddable":true,"href":"https:\/\/techni-projet.ca\/fr\/wp-json\/wp\/v2\/comments?post=1098"}],"version-history":[{"count":37,"href":"https:\/\/techni-projet.ca\/fr\/wp-json\/wp\/v2\/pages\/1098\/revisions"}],"predecessor-version":[{"id":7561,"href":"https:\/\/techni-projet.ca\/fr\/wp-json\/wp\/v2\/pages\/1098\/revisions\/7561"}],"wp:attachment":[{"href":"https:\/\/techni-projet.ca\/fr\/wp-json\/wp\/v2\/media?parent=1098"}],"curies":[{"name":"wp","href":"https:\/\/api.w.org\/{rel}","templated":true}]}}